{"id":4782,"date":"2026-01-01T16:39:39","date_gmt":"2026-01-01T16:39:39","guid":{"rendered":"https:\/\/acpsa.ch\/?page_id=4782"},"modified":"2023-02-14T18:02:41","modified_gmt":"2023-02-14T18:02:41","slug":"homedraft","status":"publish","type":"page","link":"https:\/\/acpsa.ch\/it\/homedraft\/","title":{"rendered":"Home"},"content":{"rendered":"<div data-elementor-type=\"wp-page\" data-elementor-id=\"4782\" class=\"elementor elementor-4782\" data-elementor-post-type=\"page\">\n\t\t\t\t\t\t<section class=\"elementor-section elementor-top-section elementor-element elementor-element-57363d0b elementor-section-full_width elementor-section-height-min-height elementor-section-height-default elementor-section-items-middle\" data-id=\"57363d0b\" data-element_type=\"section\" data-e-type=\"section\" id=\"slider_hide1\" data-settings=\"{&quot;jet_parallax_layout_list&quot;:[{&quot;_id&quot;:&quot;5aba94&quot;,&quot;jet_parallax_layout_image&quot;:{&quot;url&quot;:&quot;&quot;,&quot;id&quot;:&quot;&quot;,&quot;size&quot;:&quot;&quot;},&quot;jet_parallax_layout_image_tablet&quot;:{&quot;url&quot;:&quot;&quot;,&quot;id&quot;:&quot;&quot;,&quot;size&quot;:&quot;&quot;},&quot;jet_parallax_layout_image_mobile&quot;:{&quot;url&quot;:&quot;&quot;,&quot;id&quot;:&quot;&quot;,&quot;size&quot;:&quot;&quot;},&quot;jet_parallax_layout_speed&quot;:{&quot;unit&quot;:&quot;%&quot;,&quot;size&quot;:50,&quot;sizes&quot;:[]},&quot;jet_parallax_layout_type&quot;:&quot;scroll&quot;,&quot;jet_parallax_layout_direction&quot;:null,&quot;jet_parallax_layout_fx_direction&quot;:null,&quot;jet_parallax_layout_z_index&quot;:&quot;&quot;,&quot;jet_parallax_layout_bg_x&quot;:50,&quot;jet_parallax_layout_bg_x_tablet&quot;:&quot;&quot;,&quot;jet_parallax_layout_bg_x_mobile&quot;:&quot;&quot;,&quot;jet_parallax_layout_bg_y&quot;:50,&quot;jet_parallax_layout_bg_y_tablet&quot;:&quot;&quot;,&quot;jet_parallax_layout_bg_y_mobile&quot;:&quot;&quot;,&quot;jet_parallax_layout_bg_size&quot;:&quot;auto&quot;,&quot;jet_parallax_layout_bg_size_tablet&quot;:&quot;&quot;,&quot;jet_parallax_layout_bg_size_mobile&quot;:&quot;&quot;,&quot;jet_parallax_layout_animation_prop&quot;:&quot;transform&quot;,&quot;jet_parallax_layout_on&quot;:[&quot;desktop&quot;,&quot;tablet&quot;]}],&quot;background_background&quot;:&quot;video&quot;,&quot;background_video_link&quot;:&quot;https:\\\/\\\/vimeo.com\\\/488979470&quot;,&quot;background_play_on_mobile&quot;:&quot;yes&quot;,&quot;background_video_start&quot;:1,&quot;background_video_end&quot;:0}\">\n\t\t\t\t\t\t\t\t<div class=\"elementor-background-video-container\">\n\t\t\t\t\t\t\t\t\t\t\t\t\t<div class=\"elementor-background-video-embed\" role=\"presentation\"><\/div>\n\t\t\t\t\t\t\t\t\t\t\t\t<\/div>\n\t\t\t\t\t\t\t\t\t<div class=\"elementor-background-overlay\"><\/div>\n\t\t\t\t\t\t\t<div class=\"elementor-container elementor-column-gap-default\">\n\t\t\t\t\t<div class=\"elementor-column elementor-col-100 elementor-top-column elementor-element elementor-element-18e5f5ae\" data-id=\"18e5f5ae\" data-element_type=\"column\" data-e-type=\"column\">\n\t\t\t<div class=\"elementor-widget-wrap elementor-element-populated\">\n\t\t\t\t\t\t<div class=\"elementor-element elementor-element-0214156 elementor--h-position-center elementor--v-position-middle elementor-arrows-position-inside elementor-widget elementor-widget-slides\" data-id=\"0214156\" data-element_type=\"widget\" data-e-type=\"widget\" data-settings=\"{&quot;navigation&quot;:&quot;arrows&quot;,&quot;autoplay&quot;:&quot;yes&quot;,&quot;pause_on_hover&quot;:&quot;yes&quot;,&quot;pause_on_interaction&quot;:&quot;yes&quot;,&quot;autoplay_speed&quot;:5000,&quot;infinite&quot;:&quot;yes&quot;,&quot;transition&quot;:&quot;slide&quot;,&quot;transition_speed&quot;:500}\" data-widget_type=\"slides.default\">\n\t\t\t\t<div class=\"elementor-widget-container\">\n\t\t\t\t\t\t\t\t\t<div class=\"elementor-swiper\">\n\t\t\t\t\t<div class=\"elementor-slides-wrapper elementor-main-swiper swiper\" role=\"region\" aria-roledescription=\"carousel\" aria-label=\"Diapositive\" dir=\"ltr\" data-animation=\"fadeInUp\">\n\t\t\t\t<div class=\"swiper-wrapper elementor-slides\">\n\t\t\t\t\t\t\t\t\t\t<div class=\"elementor-repeater-item-96d54dd swiper-slide\" role=\"group\" aria-roledescription=\"slide\"><div class=\"swiper-slide-bg\"><\/div><a class=\"swiper-slide-inner\" href=\"https:\/\/acpsa.ch\/it\/ueber-uns\/\"><div class=\"swiper-slide-contents\"><div class=\"elementor-slide-heading\">SIAMO PRODUTTORI E INTEGRATORI NEL CAMPO DELLE GALLERIE<\/div><div class=\"elementor-slide-description\">Per gallerie stradali e ferroviarie e per l'industria.<\/div><div  class=\"elementor-button elementor-slide-button elementor-size-sm\">Ulteriori informazioni ...<\/div><\/div><\/a><\/div><div class=\"elementor-repeater-item-69216df swiper-slide\" role=\"group\" aria-roledescription=\"slide\"><div class=\"swiper-slide-bg\"><\/div><a class=\"swiper-slide-inner\" href=\"https:\/\/acpsa.ch\/it\/produkte-leistungen\/\"><div class=\"swiper-slide-contents\"><div class=\"elementor-slide-heading\">TECNOLOGIA, KNOW-HOW E INNOVAZIONE<\/div><div class=\"elementor-slide-description\">La nostra gamma di prodotti \u00e8 la pi\u00f9 completa del settore con la massima qualit\u00e0.<\/div><div  class=\"elementor-button elementor-slide-button elementor-size-sm\">Ulteriori informazioni ...<\/div><\/div><\/a><\/div><div class=\"elementor-repeater-item-3cbd191 swiper-slide\" role=\"group\" aria-roledescription=\"slide\"><div class=\"swiper-slide-bg\"><\/div><a class=\"swiper-slide-inner\" href=\"https:\/\/acpsa.ch\/it\/produkte-leistungen\/\"><div class=\"swiper-slide-contents\"><div class=\"elementor-slide-heading\">COSTRUZIONE, MESSA IN SERVIZIO E MANUTENZIONE DELL'IMPIANTO<\/div><div class=\"elementor-slide-description\">I nostri team sono altamente specializzati per fornirvi un servizio di altissima qualit\u00e0 grazie all'esperienza trentennale della nostra azienda.<\/div><div  class=\"elementor-button elementor-slide-button elementor-size-sm\">Ulteriori informazioni ...<\/div><\/div><\/a><\/div>\t\t\t\t<\/div>\n\t\t\t\t\t\t\t\t\t\t\t\t\t\t\t<div class=\"elementor-swiper-button elementor-swiper-button-prev\" role=\"button\" tabindex=\"0\" aria-label=\"Previous slide\" data-no-translation-aria-label=\"\">\n\t\t\t\t\t\t\t<i aria-hidden=\"true\" class=\"eicon-chevron-left\"><\/i>\t\t\t\t\t\t<\/div>\n\t\t\t\t\t\t<div class=\"elementor-swiper-button elementor-swiper-button-next\" role=\"button\" tabindex=\"0\" aria-label=\"Next slide\" data-no-translation-aria-label=\"\">\n\t\t\t\t\t\t\t<i aria-hidden=\"true\" class=\"eicon-chevron-right\"><\/i>\t\t\t\t\t\t<\/div>\n\t\t\t\t\t\t\t\t\t\t\t\t\t\t\t\t\t<\/div>\n\t\t\t\t<\/div>\n\t\t\t\t\t\t\t\t<\/div>\n\t\t\t\t<\/div>\n\t\t\t\t\t<\/div>\n\t\t<\/div>\n\t\t\t\t\t<\/div>\n\t\t<\/section>\n\t\t\t\t<section class=\"elementor-section elementor-top-section elementor-element elementor-element-7bd1bc0 elementor-section-boxed elementor-section-height-default elementor-section-height-default\" data-id=\"7bd1bc0\" data-element_type=\"section\" data-e-type=\"section\" data-settings=\"{&quot;jet_parallax_layout_list&quot;:[{&quot;jet_parallax_layout_image&quot;:{&quot;url&quot;:&quot;&quot;,&quot;id&quot;:&quot;&quot;,&quot;size&quot;:&quot;&quot;},&quot;_id&quot;:&quot;7f28e55&quot;,&quot;jet_parallax_layout_image_tablet&quot;:{&quot;url&quot;:&quot;&quot;,&quot;id&quot;:&quot;&quot;,&quot;size&quot;:&quot;&quot;},&quot;jet_parallax_layout_image_mobile&quot;:{&quot;url&quot;:&quot;&quot;,&quot;id&quot;:&quot;&quot;,&quot;size&quot;:&quot;&quot;},&quot;jet_parallax_layout_speed&quot;:{&quot;unit&quot;:&quot;%&quot;,&quot;size&quot;:50,&quot;sizes&quot;:[]},&quot;jet_parallax_layout_type&quot;:&quot;scroll&quot;,&quot;jet_parallax_layout_direction&quot;:null,&quot;jet_parallax_layout_fx_direction&quot;:null,&quot;jet_parallax_layout_z_index&quot;:&quot;&quot;,&quot;jet_parallax_layout_bg_x&quot;:50,&quot;jet_parallax_layout_bg_x_tablet&quot;:&quot;&quot;,&quot;jet_parallax_layout_bg_x_mobile&quot;:&quot;&quot;,&quot;jet_parallax_layout_bg_y&quot;:50,&quot;jet_parallax_layout_bg_y_tablet&quot;:&quot;&quot;,&quot;jet_parallax_layout_bg_y_mobile&quot;:&quot;&quot;,&quot;jet_parallax_layout_bg_size&quot;:&quot;auto&quot;,&quot;jet_parallax_layout_bg_size_tablet&quot;:&quot;&quot;,&quot;jet_parallax_layout_bg_size_mobile&quot;:&quot;&quot;,&quot;jet_parallax_layout_animation_prop&quot;:&quot;transform&quot;,&quot;jet_parallax_layout_on&quot;:[&quot;desktop&quot;,&quot;tablet&quot;]}]}\">\n\t\t\t\t\t\t<div class=\"elementor-container elementor-column-gap-default\">\n\t\t\t\t\t<div class=\"elementor-column elementor-col-100 elementor-top-column elementor-element elementor-element-aad6215\" data-id=\"aad6215\" data-element_type=\"column\" data-e-type=\"column\">\n\t\t\t<div class=\"elementor-widget-wrap elementor-element-populated\">\n\t\t\t\t\t\t<div class=\"elementor-element elementor-element-851f70a elementor-widget elementor-widget-jet-carousel\" data-id=\"851f70a\" data-element_type=\"widget\" data-e-type=\"widget\" data-settings=\"{&quot;slides_to_show&quot;:&quot;3&quot;,&quot;slides_to_scroll&quot;:&quot;1&quot;}\" data-widget_type=\"jet-carousel.default\">\n\t\t\t\t<div class=\"elementor-widget-container\">\n\t\t\t\t\t<div class=\"elementor-jet-carousel jet-elements\"><div class=\"jet-carousel-wrap jet-equal-cols\">\n\t<div class=\"jet-carousel\" data-slider_options=\"{&quot;autoplaySpeed&quot;:5000,&quot;autoplay&quot;:true,&quot;infinite&quot;:true,&quot;centerMode&quot;:false,&quot;centerPadding&quot;:&quot;50px&quot;,&quot;pauseOnHover&quot;:false,&quot;speed&quot;:500,&quot;arrows&quot;:true,&quot;dots&quot;:false,&quot;variableWidth&quot;:false,&quot;prevArrow&quot;:&quot;.jet-carousel__prev-arrow-851f70a&quot;,&quot;nextArrow&quot;:&quot;.jet-carousel__next-arrow-851f70a&quot;,&quot;rtl&quot;:false,&quot;fractionNav&quot;:false}\" dir=\"ltr\">\n\t<div class=\"elementor-slick-slider\">\n\n<div class=\"jet-carousel__item\">\n\t<div class=\"jet-carousel__item-inner\"><a href=\"https:\/\/acpsa.ch\/it\/produkte\/\" class=\"jet-carousel__item-link\" ><img decoding=\"async\" src=\"https:\/\/acpsa.ch\/wp-content\/uploads\/2020\/11\/dienstleistungen_slide.jpg\" class=\"jet-carousel__item-img\" alt=\"dienstleistungen_slide\" loading=\"lazy\"><\/a><div class=\"jet-carousel__content\"><h5 class=\"jet-carousel__item-title\"><a href=\"https:\/\/acpsa.ch\/it\/produkte\/\">Prodotti | Servizi<\/a><\/h5><div class=\"jet-carousel__item-text\">Con il proprio sviluppo di strumenti di misura e di controllo, la ACP Enviroment AG dispone di uno sviluppo sostenibile dei prodotti, che viene integrato con prodotti di terzi a seconda delle esigenze.<\/br><\/br>Si possono misurare valori come l'opacit\u00e0 visiva, il vento, il monossido di carbonio, il conteggio del traffico, il gas e molti altri.<\/div><a class=\"elementor-button elementor-size-md jet-carousel__item-button\" href=\"https:\/\/acpsa.ch\/it\/produkte\/\">Prodotti<\/a><\/div><\/div>\n<\/div>\n\n<div class=\"jet-carousel__item\">\n\t<div class=\"jet-carousel__item-inner\"><a href=\"https:\/\/acpsa.ch\/it\/facility-management\/\" class=\"jet-carousel__item-link\" ><img decoding=\"async\" src=\"https:\/\/acpsa.ch\/wp-content\/uploads\/2020\/11\/jobs_slide.jpg\" class=\"jet-carousel__item-img\" alt=\"jobs_slide\" loading=\"lazy\"><\/a><div class=\"jet-carousel__content\"><h5 class=\"jet-carousel__item-title\"><a href=\"https:\/\/acpsa.ch\/it\/facility-management\/\">Facility Management<\/a><\/h5><div class=\"jet-carousel__item-text\">Tutto da un unico fornitore in ogni momento: tecnologia di misura nel campo dei sensori di tunnel, manutenzione, assistenza e riparazione.\n<\/br><\/br>\nGarantiamo un funzionamento economico ed ecologico dei vostri impianti 24 ore su 24 e soddisfiamo i necessari requisiti di sicurezza.<\/div><a class=\"elementor-button elementor-size-md jet-carousel__item-button\" href=\"https:\/\/acpsa.ch\/it\/facility-management\/\">Altro <\/a><\/div><\/div>\n<\/div>\n\n<div class=\"jet-carousel__item\">\n\t<div class=\"jet-carousel__item-inner\"><a href=\"https:\/\/acpsa.ch\/it\/auflistung\/\" class=\"jet-carousel__item-link\" ><img decoding=\"async\" src=\"https:\/\/acpsa.ch\/wp-content\/uploads\/2020\/11\/referenzen_slide.jpg\" class=\"jet-carousel__item-img\" alt=\"referenzen_slide\" loading=\"lazy\"><\/a><div class=\"jet-carousel__content\"><h5 class=\"jet-carousel__item-title\"><a href=\"https:\/\/acpsa.ch\/it\/auflistung\/\">Referenze<\/a><\/h5><div class=\"jet-carousel__item-text\">Siamo rappresentati con i nostri impianti praticamente in tutte le gallerie della Svizzera. Misuriamo anche un'ampia variet\u00e0 di valori in molte sedi in tutto il mondo \n<\/br><\/br>\nIn questo modo contribuiamo in una certa misura ad un importante standard di sicurezza. Qui sotto troverete tutte le nostre piante elencate in una mappa.<\/div><a class=\"elementor-button elementor-size-md jet-carousel__item-button\" href=\"https:\/\/acpsa.ch\/it\/auflistung\/\">Visualizza i riferimenti<\/a><\/div><\/div>\n<\/div>\n\n<div class=\"jet-carousel__item\">\n\t<div class=\"jet-carousel__item-inner\"><a href=\"https:\/\/acpsa.ch\/it\/ueber-uns\/\" class=\"jet-carousel__item-link\" ><img decoding=\"async\" src=\"https:\/\/acpsa.ch\/wp-content\/uploads\/2020\/11\/uber_uns_slide.jpg\" class=\"jet-carousel__item-img\" alt=\"uber_uns_slide\" loading=\"lazy\"><\/a><div class=\"jet-carousel__content\"><h5 class=\"jet-carousel__item-title\"><a href=\"https:\/\/acpsa.ch\/it\/ueber-uns\/\">Chi siamo<\/a><\/h5><div class=\"jet-carousel__item-text\">La societ\u00e0 ACP Environment AG \u00e8 stata fondata da Enrico Caruso ed Enzo Capozzi come societ\u00e0 in nome collettivo\nARIAS Caruso &amp; Partner nel 1991. <\/br><\/br>Entrambi i fondatori dell'azienda hanno partecipato alla progettazione\na Bienne e successivamente ha completato gli studi post-laurea in ingegneria ambientale.<\/div><a class=\"elementor-button elementor-size-md jet-carousel__item-button\" href=\"https:\/\/acpsa.ch\/it\/ueber-uns\/\">Altro <\/a><\/div><\/div>\n<\/div>\n\n<div class=\"jet-carousel__item\">\n\t<div class=\"jet-carousel__item-inner\"><a href=\"https:\/\/acpsa.ch\/it\/kontakt\/\" class=\"jet-carousel__item-link\" ><img decoding=\"async\" src=\"https:\/\/acpsa.ch\/wp-content\/uploads\/2020\/11\/kontakt_slide.jpg\" class=\"jet-carousel__item-img\" alt=\"kontakt_slide\" loading=\"lazy\"><\/a><div class=\"jet-carousel__content\"><h5 class=\"jet-carousel__item-title\"><a href=\"https:\/\/acpsa.ch\/it\/kontakt\/\">Contatto<\/a><\/h5><div class=\"jet-carousel__item-text\">Approfittate della nostra esperienza. Contattateci e approfittate di collaboratori specializzati appositamente assegnati e collaudati. \n<\/br><\/br>\nSaremo lieti di discutere con voi le possibilit\u00e0 di utilizzare la pi\u00f9 recente tecnologia di misura per soddisfare una vasta gamma di requisiti. <\/div><a class=\"elementor-button elementor-size-md jet-carousel__item-button\" href=\"https:\/\/acpsa.ch\/it\/kontakt\/\">Contatto<\/a><\/div><\/div>\n<\/div>\n<\/div><div class=\"jet-carousel__prev-arrow-851f70a jet-arrow prev-arrow\"><i aria-hidden=\"true\" class=\"fas fa-angle-left\"><\/i><\/div><div class=\"jet-carousel__next-arrow-851f70a jet-arrow next-arrow\"><i aria-hidden=\"true\" class=\"fas fa-angle-right\"><\/i><\/div><\/div>\n<\/div>\n<\/div>\t\t\t\t<\/div>\n\t\t\t\t<\/div>\n\t\t\t\t\t<\/div>\n\t\t<\/div>\n\t\t\t\t\t<\/div>\n\t\t<\/section>\n\t\t\t\t<section class=\"elementor-section elementor-top-section elementor-element elementor-element-54c2a3b elementor-section-boxed elementor-section-height-default elementor-section-height-default\" data-id=\"54c2a3b\" data-element_type=\"section\" data-e-type=\"section\" data-settings=\"{&quot;jet_parallax_layout_list&quot;:[]}\">\n\t\t\t\t\t\t<div class=\"elementor-container elementor-column-gap-default\">\n\t\t\t\t\t<div class=\"elementor-column elementor-col-100 elementor-top-column elementor-element elementor-element-90b7f4e\" data-id=\"90b7f4e\" data-element_type=\"column\" data-e-type=\"column\">\n\t\t\t<div class=\"elementor-widget-wrap elementor-element-populated\">\n\t\t\t\t\t\t<div class=\"elementor-element elementor-element-0a2221b elementor-widget elementor-widget-spacer\" data-id=\"0a2221b\" data-element_type=\"widget\" data-e-type=\"widget\" data-widget_type=\"spacer.default\">\n\t\t\t\t<div class=\"elementor-widget-container\">\n\t\t\t\t\t\t\t<div class=\"elementor-spacer\">\n\t\t\t<div class=\"elementor-spacer-inner\"><\/div>\n\t\t<\/div>\n\t\t\t\t\t\t<\/div>\n\t\t\t\t<\/div>\n\t\t\t\t\t<\/div>\n\t\t<\/div>\n\t\t\t\t\t<\/div>\n\t\t<\/section>\n\t\t\t\t<section class=\"elementor-section elementor-top-section elementor-element elementor-element-329b369 elementor-section-full_width elementor-section-height-min-height elementor-section-height-default elementor-section-items-middle\" data-id=\"329b369\" data-element_type=\"section\" data-e-type=\"section\" data-settings=\"{&quot;jet_parallax_layout_list&quot;:[],&quot;background_background&quot;:&quot;slideshow&quot;,&quot;background_slideshow_gallery&quot;:[{&quot;id&quot;:4768,&quot;url&quot;:&quot;https:\\\/\\\/acpsa.ch\\\/wp-content\\\/uploads\\\/2023\\\/02\\\/20220926_214502-scaled.jpg&quot;}],&quot;background_slideshow_loop&quot;:&quot;yes&quot;,&quot;background_slideshow_slide_duration&quot;:5000,&quot;background_slideshow_slide_transition&quot;:&quot;fade&quot;,&quot;background_slideshow_transition_duration&quot;:500}\">\n\t\t\t\t\t\t<div class=\"elementor-container elementor-column-gap-default\">\n\t\t\t\t\t<div class=\"elementor-column elementor-col-33 elementor-top-column elementor-element elementor-element-286c6fe\" data-id=\"286c6fe\" data-element_type=\"column\" data-e-type=\"column\">\n\t\t\t<div class=\"elementor-widget-wrap elementor-element-populated\">\n\t\t\t\t\t\t<div class=\"elementor-element elementor-element-f64e474 elementor-widget elementor-widget-counter\" data-id=\"f64e474\" data-element_type=\"widget\" data-e-type=\"widget\" data-widget_type=\"counter.default\">\n\t\t\t\t<div class=\"elementor-widget-container\">\n\t\t\t\t\t\t\t<div class=\"elementor-counter\">\n\t\t\t<div class=\"elementor-counter-title\">Impianti di sensorica<\/div>\t\t\t<div class=\"elementor-counter-number-wrapper\">\n\t\t\t\t<span class=\"elementor-counter-number-prefix\"><\/span>\n\t\t\t\t<span class=\"elementor-counter-number\" data-duration=\"3000\" data-to-value=\"322\" data-from-value=\"0\" data-delimiter=\",\">0<\/span>\n\t\t\t\t<span class=\"elementor-counter-number-suffix\"><\/span>\n\t\t\t<\/div>\n\t\t<\/div>\n\t\t\t\t\t\t<\/div>\n\t\t\t\t<\/div>\n\t\t\t\t\t<\/div>\n\t\t<\/div>\n\t\t\t\t<div class=\"elementor-column elementor-col-33 elementor-top-column elementor-element elementor-element-31e056c\" data-id=\"31e056c\" data-element_type=\"column\" data-e-type=\"column\">\n\t\t\t<div class=\"elementor-widget-wrap elementor-element-populated\">\n\t\t\t\t\t\t<div class=\"elementor-element elementor-element-c285737 elementor-widget elementor-widget-counter\" data-id=\"c285737\" data-element_type=\"widget\" data-e-type=\"widget\" data-widget_type=\"counter.default\">\n\t\t\t\t<div class=\"elementor-widget-container\">\n\t\t\t\t\t\t\t<div class=\"elementor-counter\">\n\t\t\t<div class=\"elementor-counter-title\">Manutenzioni nelle Gallerie<\/div>\t\t\t<div class=\"elementor-counter-number-wrapper\">\n\t\t\t\t<span class=\"elementor-counter-number-prefix\"><\/span>\n\t\t\t\t<span class=\"elementor-counter-number\" data-duration=\"3000\" data-to-value=\"630\" data-from-value=\"0\" data-delimiter=\",\">0<\/span>\n\t\t\t\t<span class=\"elementor-counter-number-suffix\"><\/span>\n\t\t\t<\/div>\n\t\t<\/div>\n\t\t\t\t\t\t<\/div>\n\t\t\t\t<\/div>\n\t\t\t\t\t<\/div>\n\t\t<\/div>\n\t\t\t\t<div class=\"elementor-column elementor-col-33 elementor-top-column elementor-element elementor-element-612ec80\" data-id=\"612ec80\" data-element_type=\"column\" data-e-type=\"column\">\n\t\t\t<div class=\"elementor-widget-wrap elementor-element-populated\">\n\t\t\t\t\t\t<div class=\"elementor-element elementor-element-ce2a869 elementor-widget elementor-widget-counter\" data-id=\"ce2a869\" data-element_type=\"widget\" data-e-type=\"widget\" data-widget_type=\"counter.default\">\n\t\t\t\t<div class=\"elementor-widget-container\">\n\t\t\t\t\t\t\t<div class=\"elementor-counter\">\n\t\t\t<div class=\"elementor-counter-title\">Misura aerodinamica sezionale della Galleria<\/div>\t\t\t<div class=\"elementor-counter-number-wrapper\">\n\t\t\t\t<span class=\"elementor-counter-number-prefix\"><\/span>\n\t\t\t\t<span class=\"elementor-counter-number\" data-duration=\"3000\" data-to-value=\"28\" data-from-value=\"0\" data-delimiter=\",\">0<\/span>\n\t\t\t\t<span class=\"elementor-counter-number-suffix\"><\/span>\n\t\t\t<\/div>\n\t\t<\/div>\n\t\t\t\t\t\t<\/div>\n\t\t\t\t<\/div>\n\t\t\t\t\t<\/div>\n\t\t<\/div>\n\t\t\t\t\t<\/div>\n\t\t<\/section>\n\t\t\t\t<\/div>","protected":false},"excerpt":{"rendered":"<p>WIR SIND HERSTELLER UND INTEGRATORE IN BEREICH TUNNELF\u00fcr Strassen- \/ Eisenbahntunnels &#038; Industrie.Mehr Informationen &#8230;TECHNOLOGIE, KNOW-HOW &#038; INNOVATIONUnsere Produktpalette ist die umfassendste in der Branche mit der h\u00f6chsten Qualit\u00e4t.Mehr Informationen &#8230;ANLAGENBAU, INBETRIEBNAHME UND WARTUNGUnsere Teams sind hochspezialisiert, um Ihnen mit der drei\u00dfigj\u00e4hrigen Erfahrung unseres Unternehmens einen Service von h\u00f6chster Qualit\u00e4t zu bieten.Mehr Informationen &#8230; Voriger [&hellip;]<\/p>","protected":false},"author":2,"featured_media":3541,"parent":0,"menu_order":0,"comment_status":"closed","ping_status":"open","template":"","meta":{"footnotes":""},"class_list":["post-4782","page","type-page","status-publish","has-post-thumbnail","hentry"],"_links":{"self":[{"href":"https:\/\/acpsa.ch\/it\/wp-json\/wp\/v2\/pages\/4782","targetHints":{"allow":["GET"]}}],"collection":[{"href":"https:\/\/acpsa.ch\/it\/wp-json\/wp\/v2\/pages"}],"about":[{"href":"https:\/\/acpsa.ch\/it\/wp-json\/wp\/v2\/types\/page"}],"author":[{"embeddable":true,"href":"https:\/\/acpsa.ch\/it\/wp-json\/wp\/v2\/users\/2"}],"replies":[{"embeddable":true,"href":"https:\/\/acpsa.ch\/it\/wp-json\/wp\/v2\/comments?post=4782"}],"version-history":[{"count":19,"href":"https:\/\/acpsa.ch\/it\/wp-json\/wp\/v2\/pages\/4782\/revisions"}],"predecessor-version":[{"id":4803,"href":"https:\/\/acpsa.ch\/it\/wp-json\/wp\/v2\/pages\/4782\/revisions\/4803"}],"wp:featuredmedia":[{"embeddable":true,"href":"https:\/\/acpsa.ch\/it\/wp-json\/wp\/v2\/media\/3541"}],"wp:attachment":[{"href":"https:\/\/acpsa.ch\/it\/wp-json\/wp\/v2\/media?parent=4782"}],"curies":[{"name":"wp","href":"https:\/\/api.w.org\/{rel}","templated":true}]}}