{"id":4962,"date":"2023-12-19T15:23:59","date_gmt":"2023-12-19T15:23:59","guid":{"rendered":"https:\/\/acpsa.ch\/?page_id=4962"},"modified":"2023-12-19T15:40:25","modified_gmt":"2023-12-19T15:40:25","slug":"impressum","status":"publish","type":"page","link":"https:\/\/acpsa.ch\/fr\/impressum\/","title":{"rendered":"Mentions l\u00e9gales"},"content":{"rendered":"<div data-elementor-type=\"wp-page\" data-elementor-id=\"4962\" class=\"elementor elementor-4962\" data-elementor-post-type=\"page\">\n\t\t\t\t\t\t<section class=\"elementor-section elementor-top-section elementor-element elementor-element-27f55fda elementor-section-full_width elementor-section-height-min-height elementor-section-height-default elementor-section-items-middle\" data-id=\"27f55fda\" data-element_type=\"section\" data-e-type=\"section\" data-settings=\"{&quot;jet_parallax_layout_list&quot;:[{&quot;_id&quot;:&quot;5aba94&quot;,&quot;jet_parallax_layout_image&quot;:{&quot;url&quot;:&quot;&quot;,&quot;id&quot;:&quot;&quot;,&quot;size&quot;:&quot;&quot;},&quot;jet_parallax_layout_image_tablet&quot;:{&quot;url&quot;:&quot;&quot;,&quot;id&quot;:&quot;&quot;,&quot;size&quot;:&quot;&quot;},&quot;jet_parallax_layout_image_mobile&quot;:{&quot;url&quot;:&quot;&quot;,&quot;id&quot;:&quot;&quot;,&quot;size&quot;:&quot;&quot;},&quot;jet_parallax_layout_speed&quot;:{&quot;unit&quot;:&quot;%&quot;,&quot;size&quot;:50,&quot;sizes&quot;:[]},&quot;jet_parallax_layout_type&quot;:&quot;scroll&quot;,&quot;jet_parallax_layout_direction&quot;:null,&quot;jet_parallax_layout_fx_direction&quot;:null,&quot;jet_parallax_layout_z_index&quot;:&quot;&quot;,&quot;jet_parallax_layout_bg_x&quot;:50,&quot;jet_parallax_layout_bg_x_tablet&quot;:&quot;&quot;,&quot;jet_parallax_layout_bg_x_mobile&quot;:&quot;&quot;,&quot;jet_parallax_layout_bg_y&quot;:50,&quot;jet_parallax_layout_bg_y_tablet&quot;:&quot;&quot;,&quot;jet_parallax_layout_bg_y_mobile&quot;:&quot;&quot;,&quot;jet_parallax_layout_bg_size&quot;:&quot;auto&quot;,&quot;jet_parallax_layout_bg_size_tablet&quot;:&quot;&quot;,&quot;jet_parallax_layout_bg_size_mobile&quot;:&quot;&quot;,&quot;jet_parallax_layout_animation_prop&quot;:&quot;transform&quot;,&quot;jet_parallax_layout_on&quot;:[&quot;desktop&quot;,&quot;tablet&quot;]}],&quot;background_background&quot;:&quot;video&quot;,&quot;background_video_link&quot;:&quot;https:\\\/\\\/vimeo.com\\\/488979470&quot;,&quot;background_play_on_mobile&quot;:&quot;yes&quot;,&quot;background_video_start&quot;:1}\">\n\t\t\t\t\t\t\t\t<div class=\"elementor-background-video-container\">\n\t\t\t\t\t\t\t\t\t\t\t\t\t<div class=\"elementor-background-video-embed\" role=\"presentation\"><\/div>\n\t\t\t\t\t\t\t\t\t\t\t\t<\/div>\n\t\t\t\t\t\t\t\t\t<div class=\"elementor-background-overlay\"><\/div>\n\t\t\t\t\t\t\t<div class=\"elementor-container elementor-column-gap-default\">\n\t\t\t\t\t<div class=\"elementor-column elementor-col-100 elementor-top-column elementor-element elementor-element-30cb47c2\" data-id=\"30cb47c2\" data-element_type=\"column\" data-e-type=\"column\">\n\t\t\t<div class=\"elementor-widget-wrap elementor-element-populated\">\n\t\t\t\t\t\t<div class=\"elementor-element elementor-element-20d37e00 elementor-widget elementor-widget-heading\" data-id=\"20d37e00\" data-element_type=\"widget\" data-e-type=\"widget\" data-widget_type=\"heading.default\">\n\t\t\t\t<div class=\"elementor-widget-container\">\n\t\t\t\t\t<h2 class=\"elementor-heading-title elementor-size-default\">Mentions l\u00e9gales<\/h2>\t\t\t\t<\/div>\n\t\t\t\t<\/div>\n\t\t\t\t\t<\/div>\n\t\t<\/div>\n\t\t\t\t\t<\/div>\n\t\t<\/section>\n\t\t\t\t<section class=\"elementor-section elementor-top-section elementor-element elementor-element-1aab95e2 elementor-section-boxed elementor-section-height-default elementor-section-height-default\" data-id=\"1aab95e2\" data-element_type=\"section\" data-e-type=\"section\" data-settings=\"{&quot;jet_parallax_layout_list&quot;:[{&quot;jet_parallax_layout_image&quot;:{&quot;url&quot;:&quot;&quot;,&quot;id&quot;:&quot;&quot;,&quot;size&quot;:&quot;&quot;},&quot;_id&quot;:&quot;6db8c45&quot;,&quot;jet_parallax_layout_image_tablet&quot;:{&quot;url&quot;:&quot;&quot;,&quot;id&quot;:&quot;&quot;,&quot;size&quot;:&quot;&quot;},&quot;jet_parallax_layout_image_mobile&quot;:{&quot;url&quot;:&quot;&quot;,&quot;id&quot;:&quot;&quot;,&quot;size&quot;:&quot;&quot;},&quot;jet_parallax_layout_speed&quot;:{&quot;unit&quot;:&quot;%&quot;,&quot;size&quot;:50,&quot;sizes&quot;:[]},&quot;jet_parallax_layout_type&quot;:&quot;scroll&quot;,&quot;jet_parallax_layout_direction&quot;:null,&quot;jet_parallax_layout_fx_direction&quot;:null,&quot;jet_parallax_layout_z_index&quot;:&quot;&quot;,&quot;jet_parallax_layout_bg_x&quot;:50,&quot;jet_parallax_layout_bg_x_tablet&quot;:&quot;&quot;,&quot;jet_parallax_layout_bg_x_mobile&quot;:&quot;&quot;,&quot;jet_parallax_layout_bg_y&quot;:50,&quot;jet_parallax_layout_bg_y_tablet&quot;:&quot;&quot;,&quot;jet_parallax_layout_bg_y_mobile&quot;:&quot;&quot;,&quot;jet_parallax_layout_bg_size&quot;:&quot;auto&quot;,&quot;jet_parallax_layout_bg_size_tablet&quot;:&quot;&quot;,&quot;jet_parallax_layout_bg_size_mobile&quot;:&quot;&quot;,&quot;jet_parallax_layout_animation_prop&quot;:&quot;transform&quot;,&quot;jet_parallax_layout_on&quot;:[&quot;desktop&quot;,&quot;tablet&quot;]}]}\">\n\t\t\t\t\t\t<div class=\"elementor-container elementor-column-gap-default\">\n\t\t\t\t\t<div class=\"elementor-column elementor-col-100 elementor-top-column elementor-element elementor-element-44372b20\" data-id=\"44372b20\" data-element_type=\"column\" data-e-type=\"column\">\n\t\t\t<div class=\"elementor-widget-wrap elementor-element-populated\">\n\t\t\t\t\t\t<div class=\"elementor-element elementor-element-1c3b0046 elementor-widget elementor-widget-text-editor\" data-id=\"1c3b0046\" data-element_type=\"widget\" data-e-type=\"widget\" data-widget_type=\"text-editor.default\">\n\t\t\t\t<div class=\"elementor-widget-container\">\n\t\t\t\t\t\t\t\t\t<p>Mentions l\u00e9gales<\/p><p><b>Instance responsable :<\/b><br \/>ACP Environment AG<br \/>Sch\u00fctzenhausweg 6<br \/>2572 Sutz<br \/>Suisse<br \/><strong>E-Mail<\/strong>: info@acpsa.ch<\/p><p><strong>Personnes autoris\u00e9es \u00e0 repr\u00e9senter l'association<\/strong><br \/>Enrico Caruso<\/p><p><strong>Nom de l'entreprise<\/strong>: ACP Environment AG<br \/><strong>Num\u00e9ro d'enregistrement<\/strong>: CHE-112.372.437<br \/><strong>Num\u00e9ro d'identification de la taxe sur le chiffre d'affaires<\/strong>: CHE-112.372.437 TTC<\/p><p><strong>Clause de non-responsabilit\u00e9<\/strong><br \/>L'auteur ne garantit pas l'exactitude, la pr\u00e9cision, l'actualit\u00e9, la fiabilit\u00e9 et l'exhaustivit\u00e9 des informations.<br \/>L'auteur ne saurait \u00eatre tenu pour responsable des dommages mat\u00e9riels ou immat\u00e9riels qui pourraient \u00eatre caus\u00e9s par l'acc\u00e8s aux informations diffus\u00e9es ou par leur utilisation ou non-utilisation, par le mauvais usage de la connexion ou par des probl\u00e8mes techniques.<\/p><p>Toutes les offres sont sans engagement. L'auteur se r\u00e9serve express\u00e9ment le droit de modifier, de compl\u00e9ter ou de supprimer des parties de pages ou l'ensemble de l'offre sans avis pr\u00e9alable, ou d'en suspendre temporairement ou d\u00e9finitivement la publication.<\/p><p><strong>Exclusion de responsabilit\u00e9 pour les contenus et les liens<\/strong><br \/>Les renvois et liens vers des sites web de tiers ne rel\u00e8vent pas de notre responsabilit\u00e9. Nous d\u00e9clinons toute responsabilit\u00e9 pour de tels sites web. L'acc\u00e8s \u00e0 de tels sites et leur utilisation se font aux risques et p\u00e9rils de l'utilisateur.<\/p><p><strong>D\u00e9claration de droits d'auteur<\/strong><br \/>Les droits d'auteur et tous les autres droits li\u00e9s aux contenus, images, photos ou autres fichiers figurant sur ce site web sont la propri\u00e9t\u00e9 exclusive d'ACP Environment AG ou des d\u00e9tenteurs de droits sp\u00e9cialement cit\u00e9s. L'autorisation \u00e9crite du d\u00e9tenteur des droits d'auteur doit \u00eatre obtenue au pr\u00e9alable pour la reproduction de tout \u00e9l\u00e9ment.<\/p>\t\t\t\t\t\t\t\t<\/div>\n\t\t\t\t<\/div>\n\t\t\t\t\t<\/div>\n\t\t<\/div>\n\t\t\t\t\t<\/div>\n\t\t<\/section>\n\t\t\t\t<\/div>","protected":false},"excerpt":{"rendered":"<p>Mentions l\u00e9gales Instance responsable:ACP Environment AGSch\u00fctzenhausweg 62572 SutzSuisseEmail : info@acpsa.ch Personnes habilit\u00e9es \u00e0 repr\u00e9senter l'entrepriseEnrico Caruso Nom de l'entreprise : ACP Environment AGNum\u00e9ro d'enregistrement : CHE-112.372.437Num\u00e9ro de TVA : CHE-112.372.437 TVA Clause de non-responsabilit\u00e9L'auteur ne peut garantir l'exactitude, la pr\u00e9cision, l'actualit\u00e9, la fiabilit\u00e9 et l'exhaustivit\u00e9 des informations diffus\u00e9es.L'auteur ne peut \u00eatre tenu responsable des dommages mat\u00e9riels ou immat\u00e9riels qui pourraient \u00eatre caus\u00e9s par l'acc\u00e8s, l'utilisation ou la non-utilisation des informations diffus\u00e9es [...].<\/p>","protected":false},"author":2,"featured_media":0,"parent":0,"menu_order":0,"comment_status":"closed","ping_status":"closed","template":"","meta":{"footnotes":""},"class_list":["post-4962","page","type-page","status-publish","hentry"],"_links":{"self":[{"href":"https:\/\/acpsa.ch\/fr\/wp-json\/wp\/v2\/pages\/4962","targetHints":{"allow":["GET"]}}],"collection":[{"href":"https:\/\/acpsa.ch\/fr\/wp-json\/wp\/v2\/pages"}],"about":[{"href":"https:\/\/acpsa.ch\/fr\/wp-json\/wp\/v2\/types\/page"}],"author":[{"embeddable":true,"href":"https:\/\/acpsa.ch\/fr\/wp-json\/wp\/v2\/users\/2"}],"replies":[{"embeddable":true,"href":"https:\/\/acpsa.ch\/fr\/wp-json\/wp\/v2\/comments?post=4962"}],"version-history":[{"count":7,"href":"https:\/\/acpsa.ch\/fr\/wp-json\/wp\/v2\/pages\/4962\/revisions"}],"predecessor-version":[{"id":4979,"href":"https:\/\/acpsa.ch\/fr\/wp-json\/wp\/v2\/pages\/4962\/revisions\/4979"}],"wp:attachment":[{"href":"https:\/\/acpsa.ch\/fr\/wp-json\/wp\/v2\/media?parent=4962"}],"curies":[{"name":"wp","href":"https:\/\/api.w.org\/{rel}","templated":true}]}}