{"id":4782,"date":"2026-01-01T16:39:39","date_gmt":"2026-01-01T16:39:39","guid":{"rendered":"https:\/\/acpsa.ch\/?page_id=4782"},"modified":"2023-02-14T18:02:41","modified_gmt":"2023-02-14T18:02:41","slug":"homedraft","status":"publish","type":"page","link":"https:\/\/acpsa.ch\/fr\/homedraft\/","title":{"rendered":"Home"},"content":{"rendered":"<div data-elementor-type=\"wp-page\" data-elementor-id=\"4782\" class=\"elementor elementor-4782\" data-elementor-post-type=\"page\">\n\t\t\t\t\t\t<section class=\"elementor-section elementor-top-section elementor-element elementor-element-57363d0b elementor-section-full_width elementor-section-height-min-height elementor-section-height-default elementor-section-items-middle\" data-id=\"57363d0b\" data-element_type=\"section\" data-e-type=\"section\" id=\"slider_hide1\" data-settings=\"{&quot;jet_parallax_layout_list&quot;:[{&quot;_id&quot;:&quot;5aba94&quot;,&quot;jet_parallax_layout_image&quot;:{&quot;url&quot;:&quot;&quot;,&quot;id&quot;:&quot;&quot;,&quot;size&quot;:&quot;&quot;},&quot;jet_parallax_layout_image_tablet&quot;:{&quot;url&quot;:&quot;&quot;,&quot;id&quot;:&quot;&quot;,&quot;size&quot;:&quot;&quot;},&quot;jet_parallax_layout_image_mobile&quot;:{&quot;url&quot;:&quot;&quot;,&quot;id&quot;:&quot;&quot;,&quot;size&quot;:&quot;&quot;},&quot;jet_parallax_layout_speed&quot;:{&quot;unit&quot;:&quot;%&quot;,&quot;size&quot;:50,&quot;sizes&quot;:[]},&quot;jet_parallax_layout_type&quot;:&quot;scroll&quot;,&quot;jet_parallax_layout_direction&quot;:null,&quot;jet_parallax_layout_fx_direction&quot;:null,&quot;jet_parallax_layout_z_index&quot;:&quot;&quot;,&quot;jet_parallax_layout_bg_x&quot;:50,&quot;jet_parallax_layout_bg_x_tablet&quot;:&quot;&quot;,&quot;jet_parallax_layout_bg_x_mobile&quot;:&quot;&quot;,&quot;jet_parallax_layout_bg_y&quot;:50,&quot;jet_parallax_layout_bg_y_tablet&quot;:&quot;&quot;,&quot;jet_parallax_layout_bg_y_mobile&quot;:&quot;&quot;,&quot;jet_parallax_layout_bg_size&quot;:&quot;auto&quot;,&quot;jet_parallax_layout_bg_size_tablet&quot;:&quot;&quot;,&quot;jet_parallax_layout_bg_size_mobile&quot;:&quot;&quot;,&quot;jet_parallax_layout_animation_prop&quot;:&quot;transform&quot;,&quot;jet_parallax_layout_on&quot;:[&quot;desktop&quot;,&quot;tablet&quot;]}],&quot;background_background&quot;:&quot;video&quot;,&quot;background_video_link&quot;:&quot;https:\\\/\\\/vimeo.com\\\/488979470&quot;,&quot;background_play_on_mobile&quot;:&quot;yes&quot;,&quot;background_video_start&quot;:1,&quot;background_video_end&quot;:0}\">\n\t\t\t\t\t\t\t\t<div class=\"elementor-background-video-container\">\n\t\t\t\t\t\t\t\t\t\t\t\t\t<div class=\"elementor-background-video-embed\" role=\"presentation\"><\/div>\n\t\t\t\t\t\t\t\t\t\t\t\t<\/div>\n\t\t\t\t\t\t\t\t\t<div class=\"elementor-background-overlay\"><\/div>\n\t\t\t\t\t\t\t<div class=\"elementor-container elementor-column-gap-default\">\n\t\t\t\t\t<div class=\"elementor-column elementor-col-100 elementor-top-column elementor-element elementor-element-18e5f5ae\" data-id=\"18e5f5ae\" data-element_type=\"column\" data-e-type=\"column\">\n\t\t\t<div class=\"elementor-widget-wrap elementor-element-populated\">\n\t\t\t\t\t\t<div class=\"elementor-element elementor-element-0214156 elementor--h-position-center elementor--v-position-middle elementor-arrows-position-inside elementor-widget elementor-widget-slides\" data-id=\"0214156\" data-element_type=\"widget\" data-e-type=\"widget\" data-settings=\"{&quot;navigation&quot;:&quot;arrows&quot;,&quot;autoplay&quot;:&quot;yes&quot;,&quot;pause_on_hover&quot;:&quot;yes&quot;,&quot;pause_on_interaction&quot;:&quot;yes&quot;,&quot;autoplay_speed&quot;:5000,&quot;infinite&quot;:&quot;yes&quot;,&quot;transition&quot;:&quot;slide&quot;,&quot;transition_speed&quot;:500}\" data-widget_type=\"slides.default\">\n\t\t\t\t<div class=\"elementor-widget-container\">\n\t\t\t\t\t\t\t\t\t<div class=\"elementor-swiper\">\n\t\t\t\t\t<div class=\"elementor-slides-wrapper elementor-main-swiper swiper\" role=\"region\" aria-roledescription=\"carousel\" aria-label=\"Slider\" dir=\"ltr\" data-animation=\"fadeInUp\">\n\t\t\t\t<div class=\"swiper-wrapper elementor-slides\">\n\t\t\t\t\t\t\t\t\t\t<div class=\"elementor-repeater-item-96d54dd swiper-slide\" role=\"group\" aria-roledescription=\"slide\"><div class=\"swiper-slide-bg\"><\/div><a class=\"swiper-slide-inner\" href=\"https:\/\/acpsa.ch\/fr\/ueber-uns\/\"><div class=\"swiper-slide-contents\"><div class=\"elementor-slide-heading\">NOUS SOMMES FABRICANT ET INT\u00c9GRATEUR DANS LE DOMAINE DES TUNNELS<\/div><div class=\"elementor-slide-description\">Pour les tunnels routiers \/ ferroviaires et l'industrie.<\/div><div  class=\"elementor-button elementor-slide-button elementor-size-sm\">Plus d'informations ...<\/div><\/div><\/a><\/div><div class=\"elementor-repeater-item-69216df swiper-slide\" role=\"group\" aria-roledescription=\"slide\"><div class=\"swiper-slide-bg\"><\/div><a class=\"swiper-slide-inner\" href=\"https:\/\/acpsa.ch\/fr\/produkte-leistungen\/\"><div class=\"swiper-slide-contents\"><div class=\"elementor-slide-heading\">TECHNOLOGIE, SAVOIR-FAIRE ET INNOVATION<\/div><div class=\"elementor-slide-description\">Notre gamme de produits est la plus compl\u00e8te du secteur avec la meilleure qualit\u00e9.<\/div><div  class=\"elementor-button elementor-slide-button elementor-size-sm\">Plus d'informations ...<\/div><\/div><\/a><\/div><div class=\"elementor-repeater-item-3cbd191 swiper-slide\" role=\"group\" aria-roledescription=\"slide\"><div class=\"swiper-slide-bg\"><\/div><a class=\"swiper-slide-inner\" href=\"https:\/\/acpsa.ch\/fr\/produkte-leistungen\/\"><div class=\"swiper-slide-contents\"><div class=\"elementor-slide-heading\">CONSTRUCTION D'INSTALLATIONS, MISE EN SERVICE ET ENTRETIEN<\/div><div class=\"elementor-slide-description\">Nos \u00e9quipes sont hautement sp\u00e9cialis\u00e9es afin de vous offrir un service de la plus haute qualit\u00e9 gr\u00e2ce aux trente ann\u00e9es d'exp\u00e9rience de notre entreprise.<\/div><div  class=\"elementor-button elementor-slide-button elementor-size-sm\">Plus d'informations ...<\/div><\/div><\/a><\/div>\t\t\t\t<\/div>\n\t\t\t\t\t\t\t\t\t\t\t\t\t\t\t<div class=\"elementor-swiper-button elementor-swiper-button-prev\" role=\"button\" tabindex=\"0\" aria-label=\"Diapositive pr\u00e9c\u00e9dente\">\n\t\t\t\t\t\t\t<i aria-hidden=\"true\" class=\"eicon-chevron-left\"><\/i>\t\t\t\t\t\t<\/div>\n\t\t\t\t\t\t<div class=\"elementor-swiper-button elementor-swiper-button-next\" role=\"button\" tabindex=\"0\" aria-label=\"Diapositive suivante\">\n\t\t\t\t\t\t\t<i aria-hidden=\"true\" class=\"eicon-chevron-right\"><\/i>\t\t\t\t\t\t<\/div>\n\t\t\t\t\t\t\t\t\t\t\t\t\t\t\t\t\t<\/div>\n\t\t\t\t<\/div>\n\t\t\t\t\t\t\t\t<\/div>\n\t\t\t\t<\/div>\n\t\t\t\t\t<\/div>\n\t\t<\/div>\n\t\t\t\t\t<\/div>\n\t\t<\/section>\n\t\t\t\t<section class=\"elementor-section elementor-top-section elementor-element elementor-element-7bd1bc0 elementor-section-boxed elementor-section-height-default elementor-section-height-default\" data-id=\"7bd1bc0\" data-element_type=\"section\" data-e-type=\"section\" data-settings=\"{&quot;jet_parallax_layout_list&quot;:[{&quot;jet_parallax_layout_image&quot;:{&quot;url&quot;:&quot;&quot;,&quot;id&quot;:&quot;&quot;,&quot;size&quot;:&quot;&quot;},&quot;_id&quot;:&quot;7f28e55&quot;,&quot;jet_parallax_layout_image_tablet&quot;:{&quot;url&quot;:&quot;&quot;,&quot;id&quot;:&quot;&quot;,&quot;size&quot;:&quot;&quot;},&quot;jet_parallax_layout_image_mobile&quot;:{&quot;url&quot;:&quot;&quot;,&quot;id&quot;:&quot;&quot;,&quot;size&quot;:&quot;&quot;},&quot;jet_parallax_layout_speed&quot;:{&quot;unit&quot;:&quot;%&quot;,&quot;size&quot;:50,&quot;sizes&quot;:[]},&quot;jet_parallax_layout_type&quot;:&quot;scroll&quot;,&quot;jet_parallax_layout_direction&quot;:null,&quot;jet_parallax_layout_fx_direction&quot;:null,&quot;jet_parallax_layout_z_index&quot;:&quot;&quot;,&quot;jet_parallax_layout_bg_x&quot;:50,&quot;jet_parallax_layout_bg_x_tablet&quot;:&quot;&quot;,&quot;jet_parallax_layout_bg_x_mobile&quot;:&quot;&quot;,&quot;jet_parallax_layout_bg_y&quot;:50,&quot;jet_parallax_layout_bg_y_tablet&quot;:&quot;&quot;,&quot;jet_parallax_layout_bg_y_mobile&quot;:&quot;&quot;,&quot;jet_parallax_layout_bg_size&quot;:&quot;auto&quot;,&quot;jet_parallax_layout_bg_size_tablet&quot;:&quot;&quot;,&quot;jet_parallax_layout_bg_size_mobile&quot;:&quot;&quot;,&quot;jet_parallax_layout_animation_prop&quot;:&quot;transform&quot;,&quot;jet_parallax_layout_on&quot;:[&quot;desktop&quot;,&quot;tablet&quot;]}]}\">\n\t\t\t\t\t\t<div class=\"elementor-container elementor-column-gap-default\">\n\t\t\t\t\t<div class=\"elementor-column elementor-col-100 elementor-top-column elementor-element elementor-element-aad6215\" data-id=\"aad6215\" data-element_type=\"column\" data-e-type=\"column\">\n\t\t\t<div class=\"elementor-widget-wrap elementor-element-populated\">\n\t\t\t\t\t\t<div class=\"elementor-element elementor-element-851f70a elementor-widget elementor-widget-jet-carousel\" data-id=\"851f70a\" data-element_type=\"widget\" data-e-type=\"widget\" data-settings=\"{&quot;slides_to_show&quot;:&quot;3&quot;,&quot;slides_to_scroll&quot;:&quot;1&quot;}\" data-widget_type=\"jet-carousel.default\">\n\t\t\t\t<div class=\"elementor-widget-container\">\n\t\t\t\t\t<div class=\"elementor-jet-carousel jet-elements\"><div class=\"jet-carousel-wrap jet-equal-cols\">\n\t<div class=\"jet-carousel\" data-slider_options=\"{&quot;autoplaySpeed&quot;:5000,&quot;autoplay&quot;:true,&quot;infinite&quot;:true,&quot;centerMode&quot;:false,&quot;centerPadding&quot;:&quot;50px&quot;,&quot;pauseOnHover&quot;:false,&quot;speed&quot;:500,&quot;arrows&quot;:true,&quot;dots&quot;:false,&quot;variableWidth&quot;:false,&quot;prevArrow&quot;:&quot;.jet-carousel__prev-arrow-851f70a&quot;,&quot;nextArrow&quot;:&quot;.jet-carousel__next-arrow-851f70a&quot;,&quot;rtl&quot;:false,&quot;fractionNav&quot;:false}\" dir=\"ltr\">\n\t<div class=\"elementor-slick-slider\">\n\n<div class=\"jet-carousel__item\">\n\t<div class=\"jet-carousel__item-inner\"><a href=\"https:\/\/acpsa.ch\/fr\/produkte\/\" class=\"jet-carousel__item-link\" ><img decoding=\"async\" src=\"https:\/\/acpsa.ch\/wp-content\/uploads\/2020\/11\/dienstleistungen_slide.jpg\" class=\"jet-carousel__item-img\" alt=\"dienstleistungen_slide\" loading=\"lazy\"><\/a><div class=\"jet-carousel__content\"><h5 class=\"jet-carousel__item-title\"><a href=\"https:\/\/acpsa.ch\/fr\/produkte\/\">Produits | Services<\/a><\/h5><div class=\"jet-carousel__item-text\">Avec son propre d\u00e9veloppement d'instruments de mesure et de contr\u00f4le, ACP Enviroment AG a un d\u00e9veloppement de produits durable, qui est compl\u00e9t\u00e9 par des produits tiers selon les besoins.<\/br><\/br>Des valeurs telles que l'opacit\u00e9 visuelle, le vent, le monoxyde de carbone, le comptage du trafic, le gaz, et bien d'autres encore peuvent \u00eatre mesur\u00e9es.<\/div><a class=\"elementor-button elementor-size-md jet-carousel__item-button\" href=\"https:\/\/acpsa.ch\/fr\/produkte\/\">Aux produits<\/a><\/div><\/div>\n<\/div>\n\n<div class=\"jet-carousel__item\">\n\t<div class=\"jet-carousel__item-inner\"><a href=\"https:\/\/acpsa.ch\/fr\/facility-management\/\" class=\"jet-carousel__item-link\" ><img decoding=\"async\" src=\"https:\/\/acpsa.ch\/wp-content\/uploads\/2020\/11\/jobs_slide.jpg\" class=\"jet-carousel__item-img\" alt=\"jobs_slide\" loading=\"lazy\"><\/a><div class=\"jet-carousel__content\"><h5 class=\"jet-carousel__item-title\"><a href=\"https:\/\/acpsa.ch\/fr\/facility-management\/\">Facility Management<\/a><\/h5><div class=\"jet-carousel__item-text\">Tout d'une seule source \u00e0 tout moment : la technologie de mesure dans le domaine des capteurs de tunnel, l'entretien, la maintenance et la r\u00e9paration.\n<\/br><\/br>\nNous garantissons un fonctionnement \u00e9conomique et \u00e9cologique de vos installations 24 heures sur 24 et r\u00e9pondons aux exigences de s\u00e9curit\u00e9 n\u00e9cessaires.<\/div><a class=\"elementor-button elementor-size-md jet-carousel__item-button\" href=\"https:\/\/acpsa.ch\/fr\/facility-management\/\">Pour en savoir plus <\/a><\/div><\/div>\n<\/div>\n\n<div class=\"jet-carousel__item\">\n\t<div class=\"jet-carousel__item-inner\"><a href=\"https:\/\/acpsa.ch\/fr\/auflistung\/\" class=\"jet-carousel__item-link\" ><img decoding=\"async\" src=\"https:\/\/acpsa.ch\/wp-content\/uploads\/2020\/11\/referenzen_slide.jpg\" class=\"jet-carousel__item-img\" alt=\"referenzen_slide\" loading=\"lazy\"><\/a><div class=\"jet-carousel__content\"><h5 class=\"jet-carousel__item-title\"><a href=\"https:\/\/acpsa.ch\/fr\/auflistung\/\">R\u00e9f\u00e9rences<\/a><\/h5><div class=\"jet-carousel__item-text\">Nous sommes repr\u00e9sent\u00e9s avec nos syst\u00e8mes dans pratiquement tous les tunnels de Suisse. Nous mesurons \u00e9galement une grande vari\u00e9t\u00e9 de valeurs dans de nombreux endroits du monde \n<\/br><\/br>\nNous contribuons ainsi, dans une certaine mesure, \u00e0 une norme de s\u00e9curit\u00e9 importante. Vous trouverez ci-dessous la liste de toutes nos plantes sur une carte.<\/div><a class=\"elementor-button elementor-size-md jet-carousel__item-button\" href=\"https:\/\/acpsa.ch\/fr\/auflistung\/\">Voir les r\u00e9f\u00e9rences<\/a><\/div><\/div>\n<\/div>\n\n<div class=\"jet-carousel__item\">\n\t<div class=\"jet-carousel__item-inner\"><a href=\"https:\/\/acpsa.ch\/fr\/ueber-uns\/\" class=\"jet-carousel__item-link\" ><img decoding=\"async\" src=\"https:\/\/acpsa.ch\/wp-content\/uploads\/2020\/11\/uber_uns_slide.jpg\" class=\"jet-carousel__item-img\" alt=\"uber_uns_slide\" loading=\"lazy\"><\/a><div class=\"jet-carousel__content\"><h5 class=\"jet-carousel__item-title\"><a href=\"https:\/\/acpsa.ch\/fr\/ueber-uns\/\">\u00c0 propos de nous<\/a><\/h5><div class=\"jet-carousel__item-text\">La soci\u00e9t\u00e9 ACP Environment AG a \u00e9t\u00e9 fond\u00e9e par Enrico Caruso et Enzo Capozzi sous la forme d'une soci\u00e9t\u00e9 en nom collectif\nARIAS Caruso &amp; Partner en 1991. <\/br><\/br>Les deux fondateurs de l'entreprise ont assist\u00e9 \u00e0 l'ing\u00e9nierie\n\u00e0 Bienne et a ensuite effectu\u00e9 des \u00e9tudes de troisi\u00e8me cycle en ing\u00e9nierie de l'environnement.<\/div><a class=\"elementor-button elementor-size-md jet-carousel__item-button\" href=\"https:\/\/acpsa.ch\/fr\/ueber-uns\/\">Pour en savoir plus <\/a><\/div><\/div>\n<\/div>\n\n<div class=\"jet-carousel__item\">\n\t<div class=\"jet-carousel__item-inner\"><a href=\"https:\/\/acpsa.ch\/fr\/kontakt\/\" class=\"jet-carousel__item-link\" ><img decoding=\"async\" src=\"https:\/\/acpsa.ch\/wp-content\/uploads\/2020\/11\/kontakt_slide.jpg\" class=\"jet-carousel__item-img\" alt=\"kontakt_slide\" loading=\"lazy\"><\/a><div class=\"jet-carousel__content\"><h5 class=\"jet-carousel__item-title\"><a href=\"https:\/\/acpsa.ch\/fr\/kontakt\/\">Contactez<\/a><\/h5><div class=\"jet-carousel__item-text\">Profitez de notre exp\u00e9rience. Contactez-nous et b\u00e9n\u00e9ficiez de collaborateurs sp\u00e9cialis\u00e9s, sp\u00e9cialement affect\u00e9s \u00e0 cette t\u00e2che et ayant fait leurs preuves. \n<\/br><\/br>\nNous serions heureux de discuter avec vous des possibilit\u00e9s d'utiliser les derni\u00e8res technologies de mesure pour r\u00e9pondre \u00e0 un large \u00e9ventail de besoins. <\/div><a class=\"elementor-button elementor-size-md jet-carousel__item-button\" href=\"https:\/\/acpsa.ch\/fr\/kontakt\/\">Contacter<\/a><\/div><\/div>\n<\/div>\n<\/div><div class=\"jet-carousel__prev-arrow-851f70a jet-arrow prev-arrow\"><i aria-hidden=\"true\" class=\"fas fa-angle-left\"><\/i><\/div><div class=\"jet-carousel__next-arrow-851f70a jet-arrow next-arrow\"><i aria-hidden=\"true\" class=\"fas fa-angle-right\"><\/i><\/div><\/div>\n<\/div>\n<\/div>\t\t\t\t<\/div>\n\t\t\t\t<\/div>\n\t\t\t\t\t<\/div>\n\t\t<\/div>\n\t\t\t\t\t<\/div>\n\t\t<\/section>\n\t\t\t\t<section class=\"elementor-section elementor-top-section elementor-element elementor-element-54c2a3b elementor-section-boxed elementor-section-height-default elementor-section-height-default\" data-id=\"54c2a3b\" data-element_type=\"section\" data-e-type=\"section\" data-settings=\"{&quot;jet_parallax_layout_list&quot;:[]}\">\n\t\t\t\t\t\t<div class=\"elementor-container elementor-column-gap-default\">\n\t\t\t\t\t<div class=\"elementor-column elementor-col-100 elementor-top-column elementor-element elementor-element-90b7f4e\" data-id=\"90b7f4e\" data-element_type=\"column\" data-e-type=\"column\">\n\t\t\t<div class=\"elementor-widget-wrap elementor-element-populated\">\n\t\t\t\t\t\t<div class=\"elementor-element elementor-element-0a2221b elementor-widget elementor-widget-spacer\" data-id=\"0a2221b\" data-element_type=\"widget\" data-e-type=\"widget\" data-widget_type=\"spacer.default\">\n\t\t\t\t<div class=\"elementor-widget-container\">\n\t\t\t\t\t\t\t<div class=\"elementor-spacer\">\n\t\t\t<div class=\"elementor-spacer-inner\"><\/div>\n\t\t<\/div>\n\t\t\t\t\t\t<\/div>\n\t\t\t\t<\/div>\n\t\t\t\t\t<\/div>\n\t\t<\/div>\n\t\t\t\t\t<\/div>\n\t\t<\/section>\n\t\t\t\t<section class=\"elementor-section elementor-top-section elementor-element elementor-element-329b369 elementor-section-full_width elementor-section-height-min-height elementor-section-height-default elementor-section-items-middle\" data-id=\"329b369\" data-element_type=\"section\" data-e-type=\"section\" data-settings=\"{&quot;jet_parallax_layout_list&quot;:[],&quot;background_background&quot;:&quot;slideshow&quot;,&quot;background_slideshow_gallery&quot;:[{&quot;id&quot;:4768,&quot;url&quot;:&quot;https:\\\/\\\/acpsa.ch\\\/wp-content\\\/uploads\\\/2023\\\/02\\\/20220926_214502-scaled.jpg&quot;}],&quot;background_slideshow_loop&quot;:&quot;yes&quot;,&quot;background_slideshow_slide_duration&quot;:5000,&quot;background_slideshow_slide_transition&quot;:&quot;fade&quot;,&quot;background_slideshow_transition_duration&quot;:500}\">\n\t\t\t\t\t\t<div class=\"elementor-container elementor-column-gap-default\">\n\t\t\t\t\t<div class=\"elementor-column elementor-col-33 elementor-top-column elementor-element elementor-element-286c6fe\" data-id=\"286c6fe\" data-element_type=\"column\" data-e-type=\"column\">\n\t\t\t<div class=\"elementor-widget-wrap elementor-element-populated\">\n\t\t\t\t\t\t<div class=\"elementor-element elementor-element-f64e474 elementor-widget elementor-widget-counter\" data-id=\"f64e474\" data-element_type=\"widget\" data-e-type=\"widget\" data-widget_type=\"counter.default\">\n\t\t\t\t<div class=\"elementor-widget-container\">\n\t\t\t\t\t\t\t<div class=\"elementor-counter\">\n\t\t\t<div class=\"elementor-counter-title\">Projets de la sensorique<\/div>\t\t\t<div class=\"elementor-counter-number-wrapper\">\n\t\t\t\t<span class=\"elementor-counter-number-prefix\"><\/span>\n\t\t\t\t<span class=\"elementor-counter-number\" data-duration=\"3000\" data-to-value=\"322\" data-from-value=\"0\" data-delimiter=\",\">0<\/span>\n\t\t\t\t<span class=\"elementor-counter-number-suffix\"><\/span>\n\t\t\t<\/div>\n\t\t<\/div>\n\t\t\t\t\t\t<\/div>\n\t\t\t\t<\/div>\n\t\t\t\t\t<\/div>\n\t\t<\/div>\n\t\t\t\t<div class=\"elementor-column elementor-col-33 elementor-top-column elementor-element elementor-element-31e056c\" data-id=\"31e056c\" data-element_type=\"column\" data-e-type=\"column\">\n\t\t\t<div class=\"elementor-widget-wrap elementor-element-populated\">\n\t\t\t\t\t\t<div class=\"elementor-element elementor-element-c285737 elementor-widget elementor-widget-counter\" data-id=\"c285737\" data-element_type=\"widget\" data-e-type=\"widget\" data-widget_type=\"counter.default\">\n\t\t\t\t<div class=\"elementor-widget-container\">\n\t\t\t\t\t\t\t<div class=\"elementor-counter\">\n\t\t\t<div class=\"elementor-counter-title\">Entretien des tunnels<\/div>\t\t\t<div class=\"elementor-counter-number-wrapper\">\n\t\t\t\t<span class=\"elementor-counter-number-prefix\"><\/span>\n\t\t\t\t<span class=\"elementor-counter-number\" data-duration=\"3000\" data-to-value=\"630\" data-from-value=\"0\" data-delimiter=\",\">0<\/span>\n\t\t\t\t<span class=\"elementor-counter-number-suffix\"><\/span>\n\t\t\t<\/div>\n\t\t<\/div>\n\t\t\t\t\t\t<\/div>\n\t\t\t\t<\/div>\n\t\t\t\t\t<\/div>\n\t\t<\/div>\n\t\t\t\t<div class=\"elementor-column elementor-col-33 elementor-top-column elementor-element elementor-element-612ec80\" data-id=\"612ec80\" data-element_type=\"column\" data-e-type=\"column\">\n\t\t\t<div class=\"elementor-widget-wrap elementor-element-populated\">\n\t\t\t\t\t\t<div class=\"elementor-element elementor-element-ce2a869 elementor-widget elementor-widget-counter\" data-id=\"ce2a869\" data-element_type=\"widget\" data-e-type=\"widget\" data-widget_type=\"counter.default\">\n\t\t\t\t<div class=\"elementor-widget-container\">\n\t\t\t\t\t\t\t<div class=\"elementor-counter\">\n\t\t\t<div class=\"elementor-counter-title\">Mesure de l'a\u00e9rodynamisme du Tunnel<\/div>\t\t\t<div class=\"elementor-counter-number-wrapper\">\n\t\t\t\t<span class=\"elementor-counter-number-prefix\"><\/span>\n\t\t\t\t<span class=\"elementor-counter-number\" data-duration=\"3000\" data-to-value=\"28\" data-from-value=\"0\" data-delimiter=\",\">0<\/span>\n\t\t\t\t<span class=\"elementor-counter-number-suffix\"><\/span>\n\t\t\t<\/div>\n\t\t<\/div>\n\t\t\t\t\t\t<\/div>\n\t\t\t\t<\/div>\n\t\t\t\t\t<\/div>\n\t\t<\/div>\n\t\t\t\t\t<\/div>\n\t\t<\/section>\n\t\t\t\t<\/div>","protected":false},"excerpt":{"rendered":"<p>NOUS SOMMES FABRICANTS ET INTEGRATEURS DANS LE DOMAINE DU TUNNELPour les tunnels routiers \/ ferroviaires &amp; l'industrie.Plus d'informations ...TECHNOLOGIE, SAVOIR-FAIRE &amp; INNOVATIONNotre gamme de produits est la plus compl\u00e8te du secteur avec la meilleure qualit\u00e9.Plus d'informations ...CONSTRUCTION D'INSTALLATIONS, MISE EN OEUVRE ET MAINTENANCENotre \u00e9quipe est hautement sp\u00e9cialis\u00e9e pour vous offrir un service de la plus haute qualit\u00e9 gr\u00e2ce aux trente ans d'exp\u00e9rience de notre entreprise.Plus d'informations ... Pr\u00e9c\u00e9dent [...]<\/p>","protected":false},"author":2,"featured_media":3541,"parent":0,"menu_order":0,"comment_status":"closed","ping_status":"open","template":"","meta":{"footnotes":""},"class_list":["post-4782","page","type-page","status-publish","has-post-thumbnail","hentry"],"_links":{"self":[{"href":"https:\/\/acpsa.ch\/fr\/wp-json\/wp\/v2\/pages\/4782","targetHints":{"allow":["GET"]}}],"collection":[{"href":"https:\/\/acpsa.ch\/fr\/wp-json\/wp\/v2\/pages"}],"about":[{"href":"https:\/\/acpsa.ch\/fr\/wp-json\/wp\/v2\/types\/page"}],"author":[{"embeddable":true,"href":"https:\/\/acpsa.ch\/fr\/wp-json\/wp\/v2\/users\/2"}],"replies":[{"embeddable":true,"href":"https:\/\/acpsa.ch\/fr\/wp-json\/wp\/v2\/comments?post=4782"}],"version-history":[{"count":19,"href":"https:\/\/acpsa.ch\/fr\/wp-json\/wp\/v2\/pages\/4782\/revisions"}],"predecessor-version":[{"id":4803,"href":"https:\/\/acpsa.ch\/fr\/wp-json\/wp\/v2\/pages\/4782\/revisions\/4803"}],"wp:featuredmedia":[{"embeddable":true,"href":"https:\/\/acpsa.ch\/fr\/wp-json\/wp\/v2\/media\/3541"}],"wp:attachment":[{"href":"https:\/\/acpsa.ch\/fr\/wp-json\/wp\/v2\/media?parent=4782"}],"curies":[{"name":"wp","href":"https:\/\/api.w.org\/{rel}","templated":true}]}}