{"id":4293,"date":"2022-12-13T16:55:54","date_gmt":"2022-12-13T16:55:54","guid":{"rendered":"https:\/\/acpsa.ch\/?page_id=4293"},"modified":"2022-12-14T16:12:46","modified_gmt":"2022-12-14T16:12:46","slug":"sichttrubungmessung","status":"publish","type":"page","link":"https:\/\/acpsa.ch\/fr\/sichttrubungmessung\/","title":{"rendered":"Opacim\u00e8tres"},"content":{"rendered":"<div data-elementor-type=\"wp-page\" data-elementor-id=\"4293\" class=\"elementor elementor-4293\" data-elementor-post-type=\"page\">\n\t\t\t\t\t\t<section class=\"elementor-section elementor-top-section elementor-element elementor-element-73fd40b4 elementor-section-full_width elementor-section-height-min-height elementor-section-height-default elementor-section-items-middle\" data-id=\"73fd40b4\" data-element_type=\"section\" data-e-type=\"section\" id=\"slider_hide1\" data-settings=\"{&quot;jet_parallax_layout_list&quot;:[{&quot;_id&quot;:&quot;5aba94&quot;,&quot;jet_parallax_layout_image&quot;:{&quot;url&quot;:&quot;&quot;,&quot;id&quot;:&quot;&quot;,&quot;size&quot;:&quot;&quot;},&quot;jet_parallax_layout_image_tablet&quot;:{&quot;url&quot;:&quot;&quot;,&quot;id&quot;:&quot;&quot;,&quot;size&quot;:&quot;&quot;},&quot;jet_parallax_layout_image_mobile&quot;:{&quot;url&quot;:&quot;&quot;,&quot;id&quot;:&quot;&quot;,&quot;size&quot;:&quot;&quot;},&quot;jet_parallax_layout_speed&quot;:{&quot;unit&quot;:&quot;%&quot;,&quot;size&quot;:50,&quot;sizes&quot;:[]},&quot;jet_parallax_layout_type&quot;:&quot;scroll&quot;,&quot;jet_parallax_layout_direction&quot;:null,&quot;jet_parallax_layout_fx_direction&quot;:null,&quot;jet_parallax_layout_z_index&quot;:&quot;&quot;,&quot;jet_parallax_layout_bg_x&quot;:50,&quot;jet_parallax_layout_bg_x_tablet&quot;:&quot;&quot;,&quot;jet_parallax_layout_bg_x_mobile&quot;:&quot;&quot;,&quot;jet_parallax_layout_bg_y&quot;:50,&quot;jet_parallax_layout_bg_y_tablet&quot;:&quot;&quot;,&quot;jet_parallax_layout_bg_y_mobile&quot;:&quot;&quot;,&quot;jet_parallax_layout_bg_size&quot;:&quot;auto&quot;,&quot;jet_parallax_layout_bg_size_tablet&quot;:&quot;&quot;,&quot;jet_parallax_layout_bg_size_mobile&quot;:&quot;&quot;,&quot;jet_parallax_layout_animation_prop&quot;:&quot;transform&quot;,&quot;jet_parallax_layout_on&quot;:[&quot;desktop&quot;,&quot;tablet&quot;]}],&quot;background_background&quot;:&quot;video&quot;,&quot;background_video_link&quot;:&quot;https:\\\/\\\/vimeo.com\\\/488979470&quot;,&quot;background_play_on_mobile&quot;:&quot;yes&quot;,&quot;background_video_start&quot;:1}\">\n\t\t\t\t\t\t\t\t<div class=\"elementor-background-video-container\">\n\t\t\t\t\t\t\t\t\t\t\t\t\t<div class=\"elementor-background-video-embed\" role=\"presentation\"><\/div>\n\t\t\t\t\t\t\t\t\t\t\t\t<\/div>\n\t\t\t\t\t\t\t\t\t<div class=\"elementor-background-overlay\"><\/div>\n\t\t\t\t\t\t\t<div class=\"elementor-container elementor-column-gap-default\">\n\t\t\t\t\t<div class=\"elementor-column elementor-col-100 elementor-top-column elementor-element elementor-element-6a848c65\" data-id=\"6a848c65\" data-element_type=\"column\" data-e-type=\"column\">\n\t\t\t<div class=\"elementor-widget-wrap elementor-element-populated\">\n\t\t\t\t\t\t<div class=\"elementor-element elementor-element-6c338255 elementor-widget elementor-widget-heading\" data-id=\"6c338255\" data-element_type=\"widget\" data-e-type=\"widget\" data-widget_type=\"heading.default\">\n\t\t\t\t<div class=\"elementor-widget-container\">\n\t\t\t\t\t<h2 class=\"elementor-heading-title elementor-size-default\">Opacim\u00e8tres<\/h2>\t\t\t\t<\/div>\n\t\t\t\t<\/div>\n\t\t\t\t\t<\/div>\n\t\t<\/div>\n\t\t\t\t\t<\/div>\n\t\t<\/section>\n\t\t\t\t<section class=\"elementor-section elementor-inner-section elementor-element elementor-element-7d1b7874 elementor-section-boxed elementor-section-height-default elementor-section-height-default\" data-id=\"7d1b7874\" data-element_type=\"section\" data-e-type=\"section\" data-settings=\"{&quot;jet_parallax_layout_list&quot;:[{&quot;_id&quot;:&quot;551c74d&quot;,&quot;jet_parallax_layout_image&quot;:{&quot;url&quot;:&quot;&quot;,&quot;id&quot;:&quot;&quot;,&quot;size&quot;:&quot;&quot;},&quot;jet_parallax_layout_image_tablet&quot;:{&quot;url&quot;:&quot;&quot;,&quot;id&quot;:&quot;&quot;,&quot;size&quot;:&quot;&quot;},&quot;jet_parallax_layout_image_mobile&quot;:{&quot;url&quot;:&quot;&quot;,&quot;id&quot;:&quot;&quot;,&quot;size&quot;:&quot;&quot;},&quot;jet_parallax_layout_speed&quot;:{&quot;unit&quot;:&quot;%&quot;,&quot;size&quot;:50,&quot;sizes&quot;:[]},&quot;jet_parallax_layout_type&quot;:&quot;scroll&quot;,&quot;jet_parallax_layout_direction&quot;:null,&quot;jet_parallax_layout_fx_direction&quot;:null,&quot;jet_parallax_layout_z_index&quot;:&quot;&quot;,&quot;jet_parallax_layout_bg_x&quot;:50,&quot;jet_parallax_layout_bg_x_tablet&quot;:&quot;&quot;,&quot;jet_parallax_layout_bg_x_mobile&quot;:&quot;&quot;,&quot;jet_parallax_layout_bg_y&quot;:50,&quot;jet_parallax_layout_bg_y_tablet&quot;:&quot;&quot;,&quot;jet_parallax_layout_bg_y_mobile&quot;:&quot;&quot;,&quot;jet_parallax_layout_bg_size&quot;:&quot;auto&quot;,&quot;jet_parallax_layout_bg_size_tablet&quot;:&quot;&quot;,&quot;jet_parallax_layout_bg_size_mobile&quot;:&quot;&quot;,&quot;jet_parallax_layout_animation_prop&quot;:&quot;transform&quot;,&quot;jet_parallax_layout_on&quot;:[&quot;desktop&quot;,&quot;tablet&quot;]}]}\">\n\t\t\t\t\t\t<div class=\"elementor-container elementor-column-gap-wider\">\n\t\t\t\t\t<div class=\"elementor-column elementor-col-50 elementor-inner-column elementor-element elementor-element-7ef82cd6\" data-id=\"7ef82cd6\" data-element_type=\"column\" data-e-type=\"column\">\n\t\t\t<div class=\"elementor-widget-wrap elementor-element-populated\">\n\t\t\t\t\t\t<div class=\"elementor-element elementor-element-257e5540 elementor-widget elementor-widget-jet-banner\" data-id=\"257e5540\" data-element_type=\"widget\" data-e-type=\"widget\" data-widget_type=\"jet-banner.default\">\n\t\t\t\t<div class=\"elementor-widget-container\">\n\t\t\t\t\t<div class=\"elementor-jet-banner jet-elements\"><figure class=\"jet-banner jet-effect-layla\"><a href=\"https:\/\/acpsa.ch\/fr\/visguard\/\" class=\"jet-banner__link\"><div class=\"jet-banner__overlay\"><\/div><img decoding=\"async\" src=\"https:\/\/acpsa.ch\/wp-content\/uploads\/2020\/11\/senspr_beispiel_3.jpg\" alt=\"senspr_beispiel_3\" width=\"100%\" height=\"100%\" class=\"jet-banner__img\"><figcaption class=\"jet-banner__content\"><div class=\"jet-banner__content-wrap\"><h5 class=\"jet-banner__title\">ACP \/ VISGUARD<\/h5><div class=\"jet-banner__text\">Mesure de visibilit\u00e9 avec ou sans chauffage<\/div><\/div><\/figcaption><\/a><\/figure>\n<\/div>\t\t\t\t<\/div>\n\t\t\t\t<\/div>\n\t\t\t\t<div class=\"elementor-element elementor-element-00dc85a elementor-widget elementor-widget-jet-banner\" data-id=\"00dc85a\" data-element_type=\"widget\" data-e-type=\"widget\" data-widget_type=\"jet-banner.default\">\n\t\t\t\t<div class=\"elementor-widget-container\">\n\t\t\t\t\t<div class=\"elementor-jet-banner jet-elements\"><figure class=\"jet-banner jet-effect-layla\"><a href=\"https:\/\/acpsa.ch\/fr\/opa\/\" class=\"jet-banner__link\"><div class=\"jet-banner__overlay\"><\/div><img decoding=\"async\" src=\"https:\/\/acpsa.ch\/wp-content\/uploads\/2022\/07\/ACP-OPA.png\" alt=\"ACP OPA\" width=\"100%\" height=\"100%\" class=\"jet-banner__img\"><figcaption class=\"jet-banner__content\"><div class=\"jet-banner__content-wrap\"><h5 class=\"jet-banner__title\">ACP \/ OPA<\/h5><div class=\"jet-banner__text\">Mesure de visibilit\u00e9 avec possibilit\u00e9 d&#039;ajouter un d\u00e9tecteur de CO, NO ou NO2. Avec ou sans chauffage<\/div><\/div><\/figcaption><\/a><\/figure>\n<\/div>\t\t\t\t<\/div>\n\t\t\t\t<\/div>\n\t\t\t\t\t<\/div>\n\t\t<\/div>\n\t\t\t\t<div class=\"elementor-column elementor-col-50 elementor-inner-column elementor-element elementor-element-2cebab87\" data-id=\"2cebab87\" data-element_type=\"column\" data-e-type=\"column\">\n\t\t\t<div class=\"elementor-widget-wrap elementor-element-populated\">\n\t\t\t\t\t\t<div class=\"elementor-element elementor-element-25c269d4 elementor-widget elementor-widget-jet-banner\" data-id=\"25c269d4\" data-element_type=\"widget\" data-e-type=\"widget\" data-widget_type=\"jet-banner.default\">\n\t\t\t\t<div class=\"elementor-widget-container\">\n\t\t\t\t\t<div class=\"elementor-jet-banner jet-elements\"><figure class=\"jet-banner jet-effect-layla\"><a href=\"https:\/\/acpsa.ch\/fr\/visic100\/\" class=\"jet-banner__link\"><div class=\"jet-banner__overlay\"><\/div><img decoding=\"async\" src=\"https:\/\/acpsa.ch\/wp-content\/uploads\/2020\/12\/ACP_VISIC50SF.jpg\" alt=\"ACP\/VISIC50\" width=\"100%\" height=\"100%\" class=\"jet-banner__img\"><figcaption class=\"jet-banner__content\"><div class=\"jet-banner__content-wrap\"><h5 class=\"jet-banner__title\">ACP \/ VISIC100<\/h5><div class=\"jet-banner__text\">Mesure de visibilit\u00e9 avec possibilit\u00e9 d&#039;ajouter un d\u00e9tecteur de CO, NO ou NO2. Avec chauffage<\/div><\/div><\/figcaption><\/a><\/figure>\n<\/div>\t\t\t\t<\/div>\n\t\t\t\t<\/div>\n\t\t\t\t\t<\/div>\n\t\t<\/div>\n\t\t\t\t\t<\/div>\n\t\t<\/section>\n\t\t\t\t<\/div>","protected":false},"excerpt":{"rendered":"<p>ACP \/ VISGUARD Mesure de l'opacit\u00e9 avec ou sans chauffage ACP \/ OPA Mesure de l'opacit\u00e9 avec l'option d'ajouter un d\u00e9tecteur de CO, NO ou NO2. Avec ou sans chauffage ACP \/ VISIC100 Mesure de l'opacit\u00e9 avec l'option d'ajouter un d\u00e9tecteur de CO, NO ou NO2. Avec chauffage<\/p>","protected":false},"author":2,"featured_media":0,"parent":0,"menu_order":0,"comment_status":"closed","ping_status":"closed","template":"","meta":{"footnotes":""},"class_list":["post-4293","page","type-page","status-publish","hentry"],"_links":{"self":[{"href":"https:\/\/acpsa.ch\/fr\/wp-json\/wp\/v2\/pages\/4293","targetHints":{"allow":["GET"]}}],"collection":[{"href":"https:\/\/acpsa.ch\/fr\/wp-json\/wp\/v2\/pages"}],"about":[{"href":"https:\/\/acpsa.ch\/fr\/wp-json\/wp\/v2\/types\/page"}],"author":[{"embeddable":true,"href":"https:\/\/acpsa.ch\/fr\/wp-json\/wp\/v2\/users\/2"}],"replies":[{"embeddable":true,"href":"https:\/\/acpsa.ch\/fr\/wp-json\/wp\/v2\/comments?post=4293"}],"version-history":[{"count":37,"href":"https:\/\/acpsa.ch\/fr\/wp-json\/wp\/v2\/pages\/4293\/revisions"}],"predecessor-version":[{"id":4642,"href":"https:\/\/acpsa.ch\/fr\/wp-json\/wp\/v2\/pages\/4293\/revisions\/4642"}],"wp:attachment":[{"href":"https:\/\/acpsa.ch\/fr\/wp-json\/wp\/v2\/media?parent=4293"}],"curies":[{"name":"wp","href":"https:\/\/api.w.org\/{rel}","templated":true}]}}